{"id":4690,"date":"2013-12-29T22:43:06","date_gmt":"2013-12-29T22:43:06","guid":{"rendered":"http:\/\/kapov.hr\/?page_id=4690"},"modified":"2025-12-29T18:49:57","modified_gmt":"2025-12-29T18:49:57","slug":"energetsko-certificiranje-zgrada","status":"publish","type":"page","link":"https:\/\/www.kapov.hr\/en\/energy-efficiency\/energetsko-certificiranje-zgrada\/","title":{"rendered":"Energetsko certificiranje zgrada"},"content":{"rendered":"<p><em>Pouzdani energetski pregledi i stru\u010dna dokumentacija za racionalnije upravljanje energijom.<\/em><\/p>\n<p>Na\u0161 ured je ovla\u0161ten za energetsko certificiranje zgrada s jednostavnim i slo\u017eenim tehni\u010dkim sustavom, sukladno rje\u0161enju Ministarstva, te posjeduje dugogodi\u0161nje iskustvo u izradi certifikata i energetskih pregleda razli\u010ditih tipova objekata. Sudjelujemo u kontinuiranom stru\u010dnom usavr\u0161avanju u skladu s va\u017ee\u0107im propisima.<\/p>\n<p>Nudimo cjelovitu uslugu energetskog certificiranja zgrada, uz sve obuhvatne tehni\u010dke i savjetodavne aktivnosti potrebne za kvalitetnu pripremu i provedbu mjera energetske u\u010dinkovitosti.<\/p>\n<h3>Pripremne radnje<\/h3>\n<ul>\n<li>Pribavljanje postoje\u0107e tehni\u010dke i projektne dokumentacije<\/li>\n<li>Prikupljanje potrebnih podataka o potro\u0161nji energije i vode<\/li>\n<li>Izrada snimke postoje\u0107eg stanja prema potrebi projekta<\/li>\n<\/ul>\n<h3>Energetski pregled<\/h3>\n<ul>\n<li>Utvr\u0111ivanje postoje\u0107eg energetskog stanja zgrade (terenska izmjera)<\/li>\n<li>Analiza potro\u0161nje energije kroz relevantno vremensko razdoblje<\/li>\n<li>Identifikacija tehni\u010dkih mogu\u0107nosti pobolj\u0161anja energetskih svojstava<\/li>\n<li>Izra\u010dun o\u010dekivanih u\u0161teda i smanjenja tro\u0161kova<\/li>\n<li>Prijedlog optimalnih mjera energetske u\u010dinkovitosti<\/li>\n<\/ul>\n<h3>Izdavanje energetskog certifikata<\/h3>\n<ul>\n<li>Izrada certifikata prema va\u017ee\u0107im propisima<\/li>\n<li>Prijava certifikata nadle\u017enim tijelima<\/li>\n<li>Isporuka certifikata Naru\u010ditelju u potrebnom broju primjeraka<\/li>\n<\/ul>\n<h3>Savjetodavne usluge<\/h3>\n<ul>\n<li>Tuma\u010denje rezultata energetskog pregleda<\/li>\n<li>Preporuka najisplativijih mjera pobolj\u0161anja<\/li>\n<li>Stru\u010dno vo\u0111enje kroz postupke eventualne energetske obnove<\/li>\n<\/ul>\n<h3>Referentna lista<\/h3>\n<p>Na zahtjev dostavljamo popis realiziranih energetskih pregleda, certifikata i povezanih tehni\u010dkih analiza.<\/p>\n","protected":false},"excerpt":{"rendered":"<p>Pouzdani energetski pregledi i stru\u010dna dokumentacija za racionalnije upravljanje energijom. Na\u0161 ured je ovla\u0161ten za energetsko certificiranje zgrada s jednostavnim i slo\u017eenim tehni\u010dkim sustavom, sukladno rje\u0161enju Ministarstva, te posjeduje dugogodi\u0161nje iskustvo u izradi certifikata i energetskih pregleda razli\u010ditih tipova objekata. Sudjelujemo u kontinuiranom stru\u010dnom usavr\u0161avanju u skladu s va\u017ee\u0107im propisima. Nudimo cjelovitu uslugu energetskog certificiranja [&hellip;]<\/p>\n","protected":false},"author":2,"featured_media":8175,"parent":6871,"menu_order":13,"comment_status":"closed","ping_status":"closed","template":"","meta":{"_acf_changed":false,"footnotes":""},"class_list":["post-4690","page","type-page","status-publish","has-post-thumbnail","hentry"],"acf":[],"_links":{"self":[{"href":"https:\/\/www.kapov.hr\/en\/wp-json\/wp\/v2\/pages\/4690","targetHints":{"allow":["GET"]}}],"collection":[{"href":"https:\/\/www.kapov.hr\/en\/wp-json\/wp\/v2\/pages"}],"about":[{"href":"https:\/\/www.kapov.hr\/en\/wp-json\/wp\/v2\/types\/page"}],"author":[{"embeddable":true,"href":"https:\/\/www.kapov.hr\/en\/wp-json\/wp\/v2\/users\/2"}],"replies":[{"embeddable":true,"href":"https:\/\/www.kapov.hr\/en\/wp-json\/wp\/v2\/comments?post=4690"}],"version-history":[{"count":2,"href":"https:\/\/www.kapov.hr\/en\/wp-json\/wp\/v2\/pages\/4690\/revisions"}],"predecessor-version":[{"id":8360,"href":"https:\/\/www.kapov.hr\/en\/wp-json\/wp\/v2\/pages\/4690\/revisions\/8360"}],"up":[{"embeddable":true,"href":"https:\/\/www.kapov.hr\/en\/wp-json\/wp\/v2\/pages\/6871"}],"wp:featuredmedia":[{"embeddable":true,"href":"https:\/\/www.kapov.hr\/en\/wp-json\/wp\/v2\/media\/8175"}],"wp:attachment":[{"href":"https:\/\/www.kapov.hr\/en\/wp-json\/wp\/v2\/media?parent=4690"}],"curies":[{"name":"wp","href":"https:\/\/api.w.org\/{rel}","templated":true}]}}